{"id":54,"date":"2022-09-29T14:59:37","date_gmt":"2022-09-29T14:59:37","guid":{"rendered":"https:\/\/remarcolombia.com\/?page_id=54"},"modified":"2022-10-03T16:54:33","modified_gmt":"2022-10-03T16:54:33","slug":"familias-en-estado-de-vulnerabilidad","status":"publish","type":"page","link":"https:\/\/remarcolombia.com\/index.php\/familias-en-estado-de-vulnerabilidad\/","title":{"rendered":"Familias en estado de vulnerabilidad"},"content":{"rendered":"\n<p>Como consecuencia del desarrollo y buenos resultados obtenidos en los procesos de rehabilitaci\u00f3n de toxic\u00f3manos y alcoh\u00f3licos, nos encontramos con que muchos tienen esposa\/o e hijos y que es necesaria la restauraci\u00f3n familiar, deteriorada como consecuencia de las drogas.<\/p>\n\n\n\n<p>Esta situaci\u00f3n nos ha llevado a la creaci\u00f3n de centros familiares. Nuestro anhelo es la formaci\u00f3n de personas ejemplares que sean \u00fatiles a la sociedad y creemos que esta labor ha de empezar en el n\u00facleo social b\u00e1sico y primario que es la familia.<\/p>\n\n\n\n<p>Se realizan charlas peri\u00f3dicas sobre temas espec\u00edficos de familia tales como el papel a desempe\u00f1ar por cada miembro de la familia para que el desarrollo de la misma no sea defectuoso, educaci\u00f3n de los hijos, sexualidad, cuidado del ambiente del hogar, como evitar y solucionar conflictos familiares, etc.<\/p>\n\n\n\n<p>La gran mayor\u00eda de las familias que acceden a este programa, provienen de las personas que han superado etapas anteriores en el centro y comienzan a vivir en com\u00fan con sus familias; otras veces, son familias que se encuentran en situaci\u00f3n de emergencia social y que son admitidos en nuestros centros; y tambi\u00e9n est\u00e1n los casos de matrimonios que se contraen entre j\u00f3venes del centro.<\/p>\n\n\n\n<p>El programa tiene como objetivo principal la normalizaci\u00f3n de la vida familiar que se puede rese\u00f1ar en:<\/p>\n\n\n\n<p>&#8211; Relaci\u00f3n esposos.<br>&#8211; Relaci\u00f3n padres-hijos.<br>&#8211; Atenci\u00f3n a problemas personales espec\u00edficos.<br>&#8211; Orientaci\u00f3n en diversas \u00e1reas.<br>&#8211; Existencia de un ambiente propicio.<br>&#8211; Cuidados en la educaci\u00f3n de los hijos.<\/p>\n","protected":false},"excerpt":{"rendered":"<p>Como consecuencia del desarrollo y buenos resultados obtenidos en los procesos de rehabilitaci\u00f3n de toxic\u00f3manos y alcoh\u00f3licos, nos encontramos con que muchos tienen esposa\/o e hijos y que es necesaria&hellip;<\/p>\n","protected":false},"author":1,"featured_media":0,"parent":0,"menu_order":0,"comment_status":"closed","ping_status":"closed","template":"","meta":{"om_disable_all_campaigns":false,"_monsterinsights_skip_tracking":false,"_monsterinsights_sitenote_active":false,"_monsterinsights_sitenote_note":"","_monsterinsights_sitenote_category":0},"aioseo_notices":[],"_links":{"self":[{"href":"https:\/\/remarcolombia.com\/index.php\/wp-json\/wp\/v2\/pages\/54"}],"collection":[{"href":"https:\/\/remarcolombia.com\/index.php\/wp-json\/wp\/v2\/pages"}],"about":[{"href":"https:\/\/remarcolombia.com\/index.php\/wp-json\/wp\/v2\/types\/page"}],"author":[{"embeddable":true,"href":"https:\/\/remarcolombia.com\/index.php\/wp-json\/wp\/v2\/users\/1"}],"replies":[{"embeddable":true,"href":"https:\/\/remarcolombia.com\/index.php\/wp-json\/wp\/v2\/comments?post=54"}],"version-history":[{"count":2,"href":"https:\/\/remarcolombia.com\/index.php\/wp-json\/wp\/v2\/pages\/54\/revisions"}],"predecessor-version":[{"id":117,"href":"https:\/\/remarcolombia.com\/index.php\/wp-json\/wp\/v2\/pages\/54\/revisions\/117"}],"wp:attachment":[{"href":"https:\/\/remarcolombia.com\/index.php\/wp-json\/wp\/v2\/media?parent=54"}],"curies":[{"name":"wp","href":"https:\/\/api.w.org\/{rel}","templated":true}]}}