{"id":62,"date":"2022-09-29T15:03:52","date_gmt":"2022-09-29T15:03:52","guid":{"rendered":"https:\/\/remarcolombia.com\/?page_id=62"},"modified":"2022-10-03T16:59:42","modified_gmt":"2022-10-03T16:59:42","slug":"angeles-de-la-calle","status":"publish","type":"page","link":"https:\/\/remarcolombia.com\/index.php\/angeles-de-la-calle\/","title":{"rendered":"Angeles de la calle"},"content":{"rendered":"\n<p>Brindamos asistencia y apoyo a toxic\u00f3manos y personas en situaci\u00f3n de calle. Este programa se desarrolla en casi todas las ciudades donde Remar tiene sede. De lunes a viernes acude una furgoneta con un equipo de tres a cuatro voluntarios que se encargan de repartir alimentos y charlar con los desamparados y excluidos sociales que deambulan en las calles. Las personas que voluntariamente deciden ingresar en el programa en ese mismo momento son trasladados a los centros de 1\u00aa fase REMAR donde comienzan su etapa de desintoxicaci\u00f3n, recuperaci\u00f3n y restauraci\u00f3n de sus vidas, atendiendo a un sin n\u00famero de toxic\u00f3manos, personas en situaci\u00f3n de riesgo o exclusi\u00f3n social e inmigrantes sin techo que viven en un estado de abandono total en las calles.<\/p>\n\n\n\n<p>Es una campa\u00f1a permanente, asistimos a zonas marginales y de conflicto, ofrecemos alimentos y material de divulgaci\u00f3n a las personas, con direcciones y tel\u00e9fonos de contacto de nuestros centros de acogida; Es de esta forma que REMAR entra en contacto con los beneficiarios de nuestros programas de ayuda a toxic\u00f3manos y todo tipo de personas en situaci\u00f3n de riesgo o exclusi\u00f3n social. Cabe agregar que existe un gran n\u00famero de personas que si bien no est\u00e1n ingresadas en los centros, han resultado beneficiadas mediante la asistencia y ayuda que les brindamos en las visitas a zonas marginales. Hemos entendido que para ayudar al toxic\u00f3mano a tomar la decisi\u00f3n de salir adelante y dejar la droga o el alcohol, hay que acudir al entorno donde se desenvuelve. REMAR casi desde sus inicios ha realizado las visitas a zonas marginales, sitios de pillaje de droga, llevando alimentos (bocadillos, bollos, galletas, leche y colacao caliente por las noches) totalmente gratuito, en estas visitas se les ofrece algo para comer y beber y con aquellos que lo permiten se establece una charla informal siempre anim\u00e1ndoles a buscar ayuda, ingresar al programa y salir de las calles.<\/p>\n","protected":false},"excerpt":{"rendered":"<p>Brindamos asistencia y apoyo a toxic\u00f3manos y personas en situaci\u00f3n de calle. Este programa se desarrolla en casi todas las ciudades donde Remar tiene sede. De lunes a viernes acude&hellip;<\/p>\n","protected":false},"author":1,"featured_media":0,"parent":0,"menu_order":0,"comment_status":"closed","ping_status":"closed","template":"","meta":{"om_disable_all_campaigns":false,"_monsterinsights_skip_tracking":false,"_monsterinsights_sitenote_active":false,"_monsterinsights_sitenote_note":"","_monsterinsights_sitenote_category":0},"aioseo_notices":[],"_links":{"self":[{"href":"https:\/\/remarcolombia.com\/index.php\/wp-json\/wp\/v2\/pages\/62"}],"collection":[{"href":"https:\/\/remarcolombia.com\/index.php\/wp-json\/wp\/v2\/pages"}],"about":[{"href":"https:\/\/remarcolombia.com\/index.php\/wp-json\/wp\/v2\/types\/page"}],"author":[{"embeddable":true,"href":"https:\/\/remarcolombia.com\/index.php\/wp-json\/wp\/v2\/users\/1"}],"replies":[{"embeddable":true,"href":"https:\/\/remarcolombia.com\/index.php\/wp-json\/wp\/v2\/comments?post=62"}],"version-history":[{"count":3,"href":"https:\/\/remarcolombia.com\/index.php\/wp-json\/wp\/v2\/pages\/62\/revisions"}],"predecessor-version":[{"id":123,"href":"https:\/\/remarcolombia.com\/index.php\/wp-json\/wp\/v2\/pages\/62\/revisions\/123"}],"wp:attachment":[{"href":"https:\/\/remarcolombia.com\/index.php\/wp-json\/wp\/v2\/media?parent=62"}],"curies":[{"name":"wp","href":"https:\/\/api.w.org\/{rel}","templated":true}]}}